{"id":4437,"date":"2024-02-28T12:38:02","date_gmt":"2024-02-28T11:38:02","guid":{"rendered":"https:\/\/interoxi.com\/planta-de-reciclatge\/"},"modified":"2024-02-28T12:38:02","modified_gmt":"2024-02-28T11:38:02","slug":"planta-de-reciclatge","status":"publish","type":"page","link":"https:\/\/interoxi.com\/ca\/planta-de-reciclatge\/","title":{"rendered":"Planta de reciclatge"},"content":{"rendered":"\t\t<div data-elementor-type=\"wp-page\" data-elementor-id=\"4437\" class=\"elementor elementor-4437 elementor-4302\" data-elementor-post-type=\"page\">\n\t\t\t\t\t\t<section class=\"elementor-section elementor-top-section elementor-element elementor-element-9898957 elementor-section-boxed elementor-section-height-default elementor-section-height-default\" data-id=\"9898957\" data-element_type=\"section\" data-e-type=\"section\">\n\t\t\t\t\t\t<div class=\"elementor-container elementor-column-gap-default\">\n\t\t\t\t\t<div class=\"elementor-column elementor-col-100 elementor-top-column elementor-element elementor-element-80e989a\" data-id=\"80e989a\" data-element_type=\"column\" data-e-type=\"column\">\n\t\t\t<div class=\"elementor-widget-wrap elementor-element-populated\">\n\t\t\t\t\t\t<div class=\"elementor-element elementor-element-3953fca elementor-widget elementor-widget-text-editor\" data-id=\"3953fca\" data-element_type=\"widget\" data-e-type=\"widget\" data-widget_type=\"text-editor.default\">\n\t\t\t\t<div class=\"elementor-widget-container\">\n\t\t\t\t\t\t\t\t\t<p>Gesti\u00f3 de Residus Provinents de la Construcci\u00f3,\u00c0rids Reciclats amb els seus usos i aplicacions on es Recicla fusta natural i fusta tractada<\/p>\n\t\t\t\t\t\t\t\t<\/div>\n\t\t\t\t<\/div>\n\t\t\t\t\t<\/div>\n\t\t<\/div>\n\t\t\t\t\t<\/div>\n\t\t<\/section>\n\t\t\t\t<\/div>\n\t\t","protected":false},"excerpt":{"rendered":"<p>Gesti\u00f3 de Residus Provinents de la Construcci\u00f3,\u00c0rids Reciclats amb els seus usos i aplicacions on es Recicla fusta natural i fusta tractada<\/p>\n","protected":false},"author":3,"featured_media":0,"parent":0,"menu_order":0,"comment_status":"closed","ping_status":"closed","template":"","meta":{"footnotes":""},"class_list":["post-4437","page","type-page","status-publish","hentry"],"yoast_head":"<!-- This site is optimized with the Yoast SEO plugin v27.4 - https:\/\/yoast.com\/product\/yoast-seo-wordpress\/ -->\n<title>Planta de reciclatge - Inter Oxi<\/title>\n<meta name=\"description\" content=\"Gesti\u00f3 de Residus Provinents de la Construcci\u00f3,\u00c0rids Reciclats amb els seus usos i aplicacions on es Recicla fusta natural i fusta tractada\" \/>\n<meta name=\"robots\" content=\"index, follow, max-snippet:-1, max-image-preview:large, max-video-preview:-1\" \/>\n<link rel=\"canonical\" href=\"https:\/\/interoxi.com\/ca\/planta-de-reciclatge\/\" \/>\n<meta property=\"og:locale\" content=\"ca_ES\" \/>\n<meta property=\"og:type\" content=\"article\" \/>\n<meta property=\"og:title\" content=\"Planta de reciclatge - Inter Oxi\" \/>\n<meta property=\"og:description\" content=\"Gesti\u00f3 de Residus Provinents de la Construcci\u00f3,\u00c0rids Reciclats amb els seus usos i aplicacions on es Recicla fusta natural i fusta tractada\" \/>\n<meta property=\"og:url\" content=\"https:\/\/interoxi.com\/ca\/planta-de-reciclatge\/\" \/>\n<meta property=\"og:site_name\" content=\"Inter Oxi\" \/>\n<meta name=\"twitter:card\" content=\"summary_large_image\" \/>\n<script type=\"application\/ld+json\" class=\"yoast-schema-graph\">{\"@context\":\"https:\\\/\\\/schema.org\",\"@graph\":[{\"@type\":\"WebPage\",\"@id\":\"https:\\\/\\\/interoxi.com\\\/ca\\\/planta-de-reciclatge\\\/\",\"url\":\"https:\\\/\\\/interoxi.com\\\/ca\\\/planta-de-reciclatge\\\/\",\"name\":\"Planta de reciclatge - Inter Oxi\",\"isPartOf\":{\"@id\":\"https:\\\/\\\/interoxi.com\\\/ca\\\/#website\"},\"datePublished\":\"2024-02-28T11:38:02+00:00\",\"description\":\"Gesti\u00f3 de Residus Provinents de la Construcci\u00f3,\u00c0rids Reciclats amb els seus usos i aplicacions on es Recicla fusta natural i fusta tractada\",\"inLanguage\":\"ca\",\"potentialAction\":[{\"@type\":\"ReadAction\",\"target\":[\"https:\\\/\\\/interoxi.com\\\/ca\\\/planta-de-reciclatge\\\/\"]}]},{\"@type\":\"WebSite\",\"@id\":\"https:\\\/\\\/interoxi.com\\\/ca\\\/#website\",\"url\":\"https:\\\/\\\/interoxi.com\\\/ca\\\/\",\"name\":\"Inter Oxi\",\"description\":\"Inter Oxi\",\"publisher\":{\"@id\":\"https:\\\/\\\/interoxi.com\\\/ca\\\/#organization\"},\"potentialAction\":[{\"@type\":\"SearchAction\",\"target\":{\"@type\":\"EntryPoint\",\"urlTemplate\":\"https:\\\/\\\/interoxi.com\\\/ca\\\/?s={search_term_string}\"},\"query-input\":{\"@type\":\"PropertyValueSpecification\",\"valueRequired\":true,\"valueName\":\"search_term_string\"}}],\"inLanguage\":\"ca\"},{\"@type\":\"Organization\",\"@id\":\"https:\\\/\\\/interoxi.com\\\/ca\\\/#organization\",\"name\":\"Inter Oxi\",\"url\":\"https:\\\/\\\/interoxi.com\\\/ca\\\/\",\"logo\":{\"@type\":\"ImageObject\",\"inLanguage\":\"ca\",\"@id\":\"https:\\\/\\\/interoxi.com\\\/ca\\\/#\\\/schema\\\/logo\\\/image\\\/\",\"url\":\"https:\\\/\\\/interoxi.com\\\/wp-content\\\/uploads\\\/1_INTER-OXI-logo-7.png\",\"contentUrl\":\"https:\\\/\\\/interoxi.com\\\/wp-content\\\/uploads\\\/1_INTER-OXI-logo-7.png\",\"width\":750,\"height\":198,\"caption\":\"Inter Oxi\"},\"image\":{\"@id\":\"https:\\\/\\\/interoxi.com\\\/ca\\\/#\\\/schema\\\/logo\\\/image\\\/\"}}]}<\/script>\n<!-- \/ Yoast SEO plugin. -->","yoast_head_json":{"title":"Planta de reciclatge - Inter Oxi","description":"Gesti\u00f3 de Residus Provinents de la Construcci\u00f3,\u00c0rids Reciclats amb els seus usos i aplicacions on es Recicla fusta natural i fusta tractada","robots":{"index":"index","follow":"follow","max-snippet":"max-snippet:-1","max-image-preview":"max-image-preview:large","max-video-preview":"max-video-preview:-1"},"canonical":"https:\/\/interoxi.com\/ca\/planta-de-reciclatge\/","og_locale":"ca_ES","og_type":"article","og_title":"Planta de reciclatge - Inter Oxi","og_description":"Gesti\u00f3 de Residus Provinents de la Construcci\u00f3,\u00c0rids Reciclats amb els seus usos i aplicacions on es Recicla fusta natural i fusta tractada","og_url":"https:\/\/interoxi.com\/ca\/planta-de-reciclatge\/","og_site_name":"Inter Oxi","twitter_card":"summary_large_image","schema":{"@context":"https:\/\/schema.org","@graph":[{"@type":"WebPage","@id":"https:\/\/interoxi.com\/ca\/planta-de-reciclatge\/","url":"https:\/\/interoxi.com\/ca\/planta-de-reciclatge\/","name":"Planta de reciclatge - Inter Oxi","isPartOf":{"@id":"https:\/\/interoxi.com\/ca\/#website"},"datePublished":"2024-02-28T11:38:02+00:00","description":"Gesti\u00f3 de Residus Provinents de la Construcci\u00f3,\u00c0rids Reciclats amb els seus usos i aplicacions on es Recicla fusta natural i fusta tractada","inLanguage":"ca","potentialAction":[{"@type":"ReadAction","target":["https:\/\/interoxi.com\/ca\/planta-de-reciclatge\/"]}]},{"@type":"WebSite","@id":"https:\/\/interoxi.com\/ca\/#website","url":"https:\/\/interoxi.com\/ca\/","name":"Inter Oxi","description":"Inter Oxi","publisher":{"@id":"https:\/\/interoxi.com\/ca\/#organization"},"potentialAction":[{"@type":"SearchAction","target":{"@type":"EntryPoint","urlTemplate":"https:\/\/interoxi.com\/ca\/?s={search_term_string}"},"query-input":{"@type":"PropertyValueSpecification","valueRequired":true,"valueName":"search_term_string"}}],"inLanguage":"ca"},{"@type":"Organization","@id":"https:\/\/interoxi.com\/ca\/#organization","name":"Inter Oxi","url":"https:\/\/interoxi.com\/ca\/","logo":{"@type":"ImageObject","inLanguage":"ca","@id":"https:\/\/interoxi.com\/ca\/#\/schema\/logo\/image\/","url":"https:\/\/interoxi.com\/wp-content\/uploads\/1_INTER-OXI-logo-7.png","contentUrl":"https:\/\/interoxi.com\/wp-content\/uploads\/1_INTER-OXI-logo-7.png","width":750,"height":198,"caption":"Inter Oxi"},"image":{"@id":"https:\/\/interoxi.com\/ca\/#\/schema\/logo\/image\/"}}]}},"_links":{"self":[{"href":"https:\/\/interoxi.com\/ca\/wp-json\/wp\/v2\/pages\/4437","targetHints":{"allow":["GET"]}}],"collection":[{"href":"https:\/\/interoxi.com\/ca\/wp-json\/wp\/v2\/pages"}],"about":[{"href":"https:\/\/interoxi.com\/ca\/wp-json\/wp\/v2\/types\/page"}],"author":[{"embeddable":true,"href":"https:\/\/interoxi.com\/ca\/wp-json\/wp\/v2\/users\/3"}],"replies":[{"embeddable":true,"href":"https:\/\/interoxi.com\/ca\/wp-json\/wp\/v2\/comments?post=4437"}],"version-history":[{"count":1,"href":"https:\/\/interoxi.com\/ca\/wp-json\/wp\/v2\/pages\/4437\/revisions"}],"predecessor-version":[{"id":4438,"href":"https:\/\/interoxi.com\/ca\/wp-json\/wp\/v2\/pages\/4437\/revisions\/4438"}],"wp:attachment":[{"href":"https:\/\/interoxi.com\/ca\/wp-json\/wp\/v2\/media?parent=4437"}],"curies":[{"name":"wp","href":"https:\/\/api.w.org\/{rel}","templated":true}]}}