{"id":875,"date":"2020-08-20T11:03:10","date_gmt":"2020-08-20T11:03:10","guid":{"rendered":"https:\/\/kitdigitalweb.vunkers.dev\/aviso-legal\/"},"modified":"2023-09-04T12:43:41","modified_gmt":"2023-09-04T10:43:41","slug":"aviso-legal","status":"publish","type":"page","link":"https:\/\/interoxi.com\/ca\/aviso-legal\/","title":{"rendered":"Av\u00eds legal"},"content":{"rendered":"\t\t<div data-elementor-type=\"wp-page\" data-elementor-id=\"875\" class=\"elementor elementor-875 elementor-571\" data-elementor-post-type=\"page\">\n\t\t\t\t\t\t<section class=\"elementor-section elementor-top-section elementor-element elementor-element-6bbb2613 v-pg-legals elementor-section-boxed elementor-section-height-default elementor-section-height-default\" data-id=\"6bbb2613\" data-element_type=\"section\" data-e-type=\"section\">\n\t\t\t\t\t\t<div class=\"elementor-container elementor-column-gap-default\">\n\t\t\t\t\t<div class=\"elementor-column elementor-col-100 elementor-top-column elementor-element elementor-element-345f346\" data-id=\"345f346\" data-element_type=\"column\" data-e-type=\"column\">\n\t\t\t<div class=\"elementor-widget-wrap elementor-element-populated\">\n\t\t\t\t\t\t<div class=\"elementor-element elementor-element-5bb28b69 elementor-widget elementor-widget-text-editor\" data-id=\"5bb28b69\" data-element_type=\"widget\" data-e-type=\"widget\" data-widget_type=\"text-editor.default\">\n\t\t\t\t<div class=\"elementor-widget-container\">\n\t\t\t\t\t\t\t\t\t<p>Per tal de complir l&#8217;article 10 de la Llei 34\/2002 de Serveis de la Societat de la Informaci\u00f3 i del Comer\u00e7 Electr\u00f2nic, informem als usuaris de les nostres dades:<\/p>\n<ul>\n<li><strong>Denominaci\u00f3 Social:<\/strong> <span style=\"color: #ff0000;\">&#8230;<\/span><\/li>\n<li><strong>Domicili Social:<\/strong> Carrer <span style=\"color: #ff0000;\">&#8230;<\/span><\/li>\n<li><strong>CIF:<\/strong> <span style=\"color: #ff0000;\">&#8230;<\/span><\/li>\n<li><strong>Tel\u00e8fon:<\/strong> <span style=\"color: #ff0000;\">&#8230;<\/span><\/li>\n<li><strong>E-mail:<\/strong> <span style=\"color: #ff0000;\">&#8230;<a style=\"color: #ff0000;\" href=\"mailto:info@vunkers.com\">@&#8230;.com<\/a><\/span><\/li>\n<li><strong>Lloc web:<\/strong> <span style=\"color: #ff0000;\"><a style=\"color: #ff0000;\" href=\"https:\/\/vunkers.com\">https:\/\/&#8230;.com<\/a><\/span><\/li>\n<li><strong>Dades Registrals:<\/strong> <span style=\"color: #ff0000;\">Volum &#8230;, llibre &#8230;, secci\u00f3 General, foli 211, full &#8230; del Registre Mercantil de &#8230;.<\/span><\/li>\n<li><strong>Activitat Reglada:<\/strong> <span style=\"color: #ff0000;\">&#8230;<\/span><\/li>\n<li><strong>Autoritzaci\u00f3 CNMC:<\/strong> <span style=\"color: #ff0000;\">&#8230;<\/span><\/li>\n<\/ul>\n\t\t\t\t\t\t\t\t<\/div>\n\t\t\t\t<\/div>\n\t\t\t\t\t<\/div>\n\t\t<\/div>\n\t\t\t\t\t<\/div>\n\t\t<\/section>\n\t\t\t\t<\/div>\n\t\t","protected":false},"excerpt":{"rendered":"<p>Per tal de complir l&#8217;article 10 de la Llei 34\/2002 de Serveis de la Societat de la Informaci\u00f3 i del Comer\u00e7 Electr\u00f2nic, informem als usuaris de les nostres dades: Denominaci\u00f3 Social: &#8230; Domicili Social: Carrer &#8230; CIF: &#8230; Tel\u00e8fon: &#8230; E-mail: &#8230;@&#8230;.com Lloc web: https:\/\/&#8230;.com Dades Registrals: Volum &#8230;, llibre &#8230;, secci\u00f3 General, foli 211, [&hellip;]<\/p>\n","protected":false},"author":11,"featured_media":0,"parent":0,"menu_order":7,"comment_status":"closed","ping_status":"closed","template":"elementor_header_footer","meta":{"footnotes":""},"class_list":["post-875","page","type-page","status-publish","hentry"],"yoast_head":"<!-- This site is optimized with the Yoast SEO plugin v27.4 - https:\/\/yoast.com\/product\/yoast-seo-wordpress\/ -->\n<title>Av\u00eds legal - Inter Oxi<\/title>\n<meta name=\"description\" content=\"Per tal de complir l&#039;article 10 de la Llei 34\/2002 de Serveis de la Societat de la Informaci\u00f3 i del Comer\u00e7 Electr\u00f2nic, informem als usuaris de les nostres\" \/>\n<meta name=\"robots\" content=\"noindex, nofollow\" \/>\n<meta property=\"og:locale\" content=\"ca_ES\" \/>\n<meta property=\"og:type\" content=\"article\" \/>\n<meta property=\"og:title\" content=\"Av\u00eds legal - Inter Oxi\" \/>\n<meta property=\"og:description\" content=\"Per tal de complir l&#039;article 10 de la Llei 34\/2002 de Serveis de la Societat de la Informaci\u00f3 i del Comer\u00e7 Electr\u00f2nic, informem als usuaris de les nostres\" \/>\n<meta property=\"og:url\" content=\"https:\/\/interoxi.com\/ca\/aviso-legal\/\" \/>\n<meta property=\"og:site_name\" content=\"Inter Oxi\" \/>\n<meta property=\"article:modified_time\" content=\"2023-09-04T10:43:41+00:00\" \/>\n<meta name=\"twitter:card\" content=\"summary_large_image\" \/>\n<script type=\"application\/ld+json\" class=\"yoast-schema-graph\">{\"@context\":\"https:\\\/\\\/schema.org\",\"@graph\":[{\"@type\":\"WebPage\",\"@id\":\"https:\\\/\\\/interoxi.com\\\/ca\\\/aviso-legal\\\/\",\"url\":\"https:\\\/\\\/interoxi.com\\\/ca\\\/aviso-legal\\\/\",\"name\":\"Av\u00eds legal - Inter Oxi\",\"isPartOf\":{\"@id\":\"https:\\\/\\\/interoxi.com\\\/ca\\\/#website\"},\"datePublished\":\"2020-08-20T11:03:10+00:00\",\"dateModified\":\"2023-09-04T10:43:41+00:00\",\"description\":\"Per tal de complir l'article 10 de la Llei 34\\\/2002 de Serveis de la Societat de la Informaci\u00f3 i del Comer\u00e7 Electr\u00f2nic, informem als usuaris de les nostres\",\"inLanguage\":\"ca\",\"potentialAction\":[{\"@type\":\"ReadAction\",\"target\":[\"https:\\\/\\\/interoxi.com\\\/ca\\\/aviso-legal\\\/\"]}]},{\"@type\":\"WebSite\",\"@id\":\"https:\\\/\\\/interoxi.com\\\/ca\\\/#website\",\"url\":\"https:\\\/\\\/interoxi.com\\\/ca\\\/\",\"name\":\"Inter Oxi\",\"description\":\"Inter Oxi\",\"publisher\":{\"@id\":\"https:\\\/\\\/interoxi.com\\\/ca\\\/#organization\"},\"potentialAction\":[{\"@type\":\"SearchAction\",\"target\":{\"@type\":\"EntryPoint\",\"urlTemplate\":\"https:\\\/\\\/interoxi.com\\\/ca\\\/?s={search_term_string}\"},\"query-input\":{\"@type\":\"PropertyValueSpecification\",\"valueRequired\":true,\"valueName\":\"search_term_string\"}}],\"inLanguage\":\"ca\"},{\"@type\":\"Organization\",\"@id\":\"https:\\\/\\\/interoxi.com\\\/ca\\\/#organization\",\"name\":\"Inter Oxi\",\"url\":\"https:\\\/\\\/interoxi.com\\\/ca\\\/\",\"logo\":{\"@type\":\"ImageObject\",\"inLanguage\":\"ca\",\"@id\":\"https:\\\/\\\/interoxi.com\\\/ca\\\/#\\\/schema\\\/logo\\\/image\\\/\",\"url\":\"https:\\\/\\\/interoxi.com\\\/wp-content\\\/uploads\\\/1_INTER-OXI-logo-7.png\",\"contentUrl\":\"https:\\\/\\\/interoxi.com\\\/wp-content\\\/uploads\\\/1_INTER-OXI-logo-7.png\",\"width\":750,\"height\":198,\"caption\":\"Inter Oxi\"},\"image\":{\"@id\":\"https:\\\/\\\/interoxi.com\\\/ca\\\/#\\\/schema\\\/logo\\\/image\\\/\"}}]}<\/script>\n<!-- \/ Yoast SEO plugin. -->","yoast_head_json":{"title":"Av\u00eds legal - Inter Oxi","description":"Per tal de complir l'article 10 de la Llei 34\/2002 de Serveis de la Societat de la Informaci\u00f3 i del Comer\u00e7 Electr\u00f2nic, informem als usuaris de les nostres","robots":{"index":"noindex","follow":"nofollow"},"og_locale":"ca_ES","og_type":"article","og_title":"Av\u00eds legal - Inter Oxi","og_description":"Per tal de complir l'article 10 de la Llei 34\/2002 de Serveis de la Societat de la Informaci\u00f3 i del Comer\u00e7 Electr\u00f2nic, informem als usuaris de les nostres","og_url":"https:\/\/interoxi.com\/ca\/aviso-legal\/","og_site_name":"Inter Oxi","article_modified_time":"2023-09-04T10:43:41+00:00","twitter_card":"summary_large_image","schema":{"@context":"https:\/\/schema.org","@graph":[{"@type":"WebPage","@id":"https:\/\/interoxi.com\/ca\/aviso-legal\/","url":"https:\/\/interoxi.com\/ca\/aviso-legal\/","name":"Av\u00eds legal - Inter Oxi","isPartOf":{"@id":"https:\/\/interoxi.com\/ca\/#website"},"datePublished":"2020-08-20T11:03:10+00:00","dateModified":"2023-09-04T10:43:41+00:00","description":"Per tal de complir l'article 10 de la Llei 34\/2002 de Serveis de la Societat de la Informaci\u00f3 i del Comer\u00e7 Electr\u00f2nic, informem als usuaris de les nostres","inLanguage":"ca","potentialAction":[{"@type":"ReadAction","target":["https:\/\/interoxi.com\/ca\/aviso-legal\/"]}]},{"@type":"WebSite","@id":"https:\/\/interoxi.com\/ca\/#website","url":"https:\/\/interoxi.com\/ca\/","name":"Inter Oxi","description":"Inter Oxi","publisher":{"@id":"https:\/\/interoxi.com\/ca\/#organization"},"potentialAction":[{"@type":"SearchAction","target":{"@type":"EntryPoint","urlTemplate":"https:\/\/interoxi.com\/ca\/?s={search_term_string}"},"query-input":{"@type":"PropertyValueSpecification","valueRequired":true,"valueName":"search_term_string"}}],"inLanguage":"ca"},{"@type":"Organization","@id":"https:\/\/interoxi.com\/ca\/#organization","name":"Inter Oxi","url":"https:\/\/interoxi.com\/ca\/","logo":{"@type":"ImageObject","inLanguage":"ca","@id":"https:\/\/interoxi.com\/ca\/#\/schema\/logo\/image\/","url":"https:\/\/interoxi.com\/wp-content\/uploads\/1_INTER-OXI-logo-7.png","contentUrl":"https:\/\/interoxi.com\/wp-content\/uploads\/1_INTER-OXI-logo-7.png","width":750,"height":198,"caption":"Inter Oxi"},"image":{"@id":"https:\/\/interoxi.com\/ca\/#\/schema\/logo\/image\/"}}]}},"_links":{"self":[{"href":"https:\/\/interoxi.com\/ca\/wp-json\/wp\/v2\/pages\/875","targetHints":{"allow":["GET"]}}],"collection":[{"href":"https:\/\/interoxi.com\/ca\/wp-json\/wp\/v2\/pages"}],"about":[{"href":"https:\/\/interoxi.com\/ca\/wp-json\/wp\/v2\/types\/page"}],"author":[{"embeddable":true,"href":"https:\/\/interoxi.com\/ca\/wp-json\/wp\/v2\/users\/11"}],"replies":[{"embeddable":true,"href":"https:\/\/interoxi.com\/ca\/wp-json\/wp\/v2\/comments?post=875"}],"version-history":[{"count":16,"href":"https:\/\/interoxi.com\/ca\/wp-json\/wp\/v2\/pages\/875\/revisions"}],"predecessor-version":[{"id":4280,"href":"https:\/\/interoxi.com\/ca\/wp-json\/wp\/v2\/pages\/875\/revisions\/4280"}],"wp:attachment":[{"href":"https:\/\/interoxi.com\/ca\/wp-json\/wp\/v2\/media?parent=875"}],"curies":[{"name":"wp","href":"https:\/\/api.w.org\/{rel}","templated":true}]}}