{"id":876,"date":"2020-08-20T11:03:05","date_gmt":"2020-08-20T11:03:05","guid":{"rendered":"https:\/\/kitdigitalweb.vunkers.dev\/politica-de-privacidad\/"},"modified":"2023-09-04T14:25:51","modified_gmt":"2023-09-04T12:25:51","slug":"politica-de-privacidad","status":"publish","type":"page","link":"https:\/\/interoxi.com\/ca\/politica-de-privacidad\/","title":{"rendered":"Pol\u00edtica de privacitat"},"content":{"rendered":"\t\t<div data-elementor-type=\"wp-page\" data-elementor-id=\"876\" class=\"elementor elementor-876 elementor-570\" data-elementor-post-type=\"page\">\n\t\t\t\t\t\t<section class=\"elementor-section elementor-top-section elementor-element elementor-element-3619c01 v-pg-legals elementor-section-boxed elementor-section-height-default elementor-section-height-default\" data-id=\"3619c01\" data-element_type=\"section\" data-e-type=\"section\">\n\t\t\t\t\t\t<div class=\"elementor-container elementor-column-gap-default\">\n\t\t\t\t\t<div class=\"elementor-column elementor-col-100 elementor-top-column elementor-element elementor-element-825f3a6\" data-id=\"825f3a6\" data-element_type=\"column\" data-e-type=\"column\">\n\t\t\t<div class=\"elementor-widget-wrap elementor-element-populated\">\n\t\t\t\t\t\t<div class=\"elementor-element elementor-element-aa273b4 elementor-widget elementor-widget-text-editor\" data-id=\"aa273b4\" data-element_type=\"widget\" data-e-type=\"widget\" data-widget_type=\"text-editor.default\">\n\t\t\t\t<div class=\"elementor-widget-container\">\n\t\t\t\t\t\t\t\t\t<div>\n<h3>RESPONSABLE DEL TRACTAMENT<\/h3>\n<p>El Responsable del tractament es <span style=\"color: #ff0000;\">NOM EMPRESA<\/span>, domiciliada en <span style=\"color: #ff0000;\">&#8230;<\/span> (<span style=\"color: #ff0000;\">&#8230;<\/span>), carrer <span style=\"color: #ff0000;\">&#8230;<\/span>, n\u00famero <span style=\"color: #ff0000;\">&#8230;<\/span>, amb CIF <span style=\"color: #ff0000;\">&#8230;<\/span>, tel\u00e8fon de contacte: <span style=\"color: #ff0000;\">&#8230;<\/span> y email: <span style=\"color: #ff0000;\">&#8230;@&#8230;.com<\/span>.<\/p>\n<p><span style=\"color: #ff0000;\">NOM EMPRESA<\/span>, com a responsable del present Lloc web (Prestador del servei) i de conformitat amb el que disposa la normativa vigent en mat\u00e8ria de protecci\u00f3 de dades personals, el Reglament (UE) 2016\/679 de 27 d&#8217;abril de 2016 (RGPD) relatiu a la protecci\u00f3 de les persones f\u00edsiques quant al tractament de dades personals i a la lliure circulaci\u00f3 d&#8217;aquestes dades, la Llei Org\u00e0nica 15\/1999, de 13 de desembre, de Protecci\u00f3 de Dades de Car\u00e0cter Personal (LOPD) i per la Llei 34\/2002, d&#8217;11 de juliol, de Serveis de la Societat de la Informaci\u00f3 i del Comer\u00e7 Electr\u00f2nic (LSSICE), t\u00e9 implementades totes les mesures de seguretat, d&#8217;\u00edndole t\u00e8cnica i organitzatives, establertes al Reial decret 1720\/2007 de 21 de Desembre, (que desenvolupa la LOPD) per garantir i protegir la confidencialitat, integritat i disponibilitat de les dades tractades.<\/p>\n<\/p>\n<h3>FINALITAT DEL TRACTAMENT<\/h3>\n<p>A efectes del que prev\u00e9 la LOPD, <span style=\"color: #ff0000;\">NOM EMPRESA<\/span> us informa que les dades que volunt\u00e0riament ens esteu facilitant seran incorporades als nostres sistemes d&#8217;informaci\u00f3 per tal de realitzar les gestions comercials i administratives necess\u00e0ries amb els usuaris de la web. Les operacions previstes per realitzar els tractaments s\u00f3n les seg\u00fcents: respondre les consultes i\/o proporcionar informacions requerides; realitzar les prestacions de serveis i\/o productes contractats o subscrits pels clients; realitzar totes aquelles activitats pr\u00f2pies de <span style=\"color: #ff0000;\">NOM EMPRESA<\/span> i remetre les comunicacions, butlletins, activitats i not\u00edcies del vostre inter\u00e8s relacionades amb els serveis que oferim.<\/p>\n<p>El signant garanteix la veracitat de les dades aportades i es compromet a comunicar qualsevol canvi que s&#8217;hi produeixi.<\/p>\n<\/p>\n<h3>TRACTAMENT ESPEC\u00cdFIC EN FORMULARI WEB<\/h3>\n<p>El Prestador, mitjan\u00e7ant asterisc (*) a les caselles corresponents del formulari de contacte, us informa d&#8217;aquesta obligatorietat a l&#8217;Usuari, indicant quines dades s\u00f3n necess\u00e0ries.<\/p>\n<p>Mitjan\u00e7ant la indicaci\u00f3 i introducci\u00f3 de les dades, l&#8217;Usuari atorga el consentiment inequ\u00edvoc a <span style=\"color: #ff0000;\">NOM EMPRESA<\/span> perqu\u00e8 procedeixi al tractament de les dades facilitades per a les finalitats mencionades.<\/p>\n<p>No facilitar les dades personals sol\u00b7licitades o no acceptar aquesta pol\u00edtica de protecci\u00f3 de dades suposa la impossibilitat de subscriure&#8217;s, registrar-se o rebre informaci\u00f3 dels productes i serveis del prestador.<\/p>\n<p>En conformitat amb el que disposen les normatives vigents en protecci\u00f3 de dades personals, el Prestador est\u00e0 complint totes les disposicions de les normatives RGPD i LOPD per al tractament de les dades personals de la seva responsabilitat, i manifestament amb els principis descrits a l&#8217;art. 5 del RGPD i l&#8217;art. 4 de la LOPD, pels quals s\u00f3n tractats de manera l\u00edcita, lleial i transparent en relaci\u00f3 amb l&#8217;interessat i adequades, pertinents i limitades al que \u00e9s necessari en relaci\u00f3 amb els fins per als quals s\u00f3n tractats.<\/p>\n<\/p>\n<h3>CONSERVACI\u00d3 DE LES DADES<\/h3>\n<p>Les dades personals seran conservades mentre es mantingui la relaci\u00f3 comercial amb els Clients o Usuaris i, una vegada finalitzada, si no exerciteu els vostres drets d&#8217;oposici\u00f3 i\/o cancel\u00b7laci\u00f3 indicats.<\/p>\n<\/p>\n<h3>LEGITIMACI\u00d3 DEL TRACTAMENT<\/h3>\n<p>La base legal pel tractament de les dades dels clients \u00e9s la prestaci\u00f3 dels serveis contractats i\/o la resposta a la seva consulta o sol\u00b7licitud.<\/p>\n<p>Tamb\u00e9 el tractament per enviar circulars informatives, comunicacions, activitats i not\u00edcies del seu inter\u00e8s relacionades amb el servei contractat es troba legitimat per ra\u00f3 de la relaci\u00f3 comercial existent amb aquesta empresa, en conformitat amb el que estableix el RGPD.<\/p>\n<p>Finalment, el tractament de les vostres dades per enviar-vos informaci\u00f3 comercial sobre productes o serveis de l&#8217;empresa que no t\u00e9 contractats o comunicacions, activitats i butlletins informatius de l&#8217;empresa est\u00e0 basat en el vostre consentiment, pel qual podreu oposar-vos en qualsevol moment a aquest tipus de enviament, mitjan\u00e7ant sol\u00b7licitud a l&#8217;adre\u00e7a: <span style=\"color: #ff0000;\">&#8230;@&#8230;.com<\/span>, indicant a l&#8217;assumpte \u201cBaixa RGPD\u201d, sense que la seva sol\u00b7licitud de baixa d&#8217;aquests enviaments condicioni de cap manera el normal desenvolupament i correcta execuci\u00f3 dels serveis que tingui contractats amb l&#8217;empresa.<\/p>\n<\/p>\n<h3>DRETS DELS INTERESSATS<\/h3>\n<p>El Responsable garanteix que ha implementat pol\u00edtiques t\u00e8cniques i organitzatives apropiades per aplicar les mesures de seguretat que estableixen el RGPD i la LOPD per protegir els drets i les llibertats dels Usuaris.<\/p>\n<p>D&#8217;acord amb aquestes normatives, doncs, us informem que teniu dret a sol\u00b7licitar l&#8217;acc\u00e9s, rectificaci\u00f3, portabilitat i supressi\u00f3 de les vostres dades i la limitaci\u00f3 i oposici\u00f3 al seu tractament, enviant un correu electr\u00f2nic a <span style=\"color: #ff0000;\">&#8230;@&#8230;.com<\/span>, indicant com a Assumpte: \u201cLOPD, Drets ARCO\u201d, i adjuntant fotoc\u00f2pia del seu DNI o qualsevol mitj\u00e0 an\u00e0leg en dret, tal com indica la llei. Teniu dret a retirar el consentiment prestat en qualsevol moment. La retirada del consentiment no afecta la licitud del tractament efectuat abans de la retirada del consentiment. Tamb\u00e9 t\u00e9 dret a presentar una reclamaci\u00f3 davant l&#8217;autoritat de control si considera que els seus drets s&#8217;han vist vulnerats en relaci\u00f3 amb la protecci\u00f3 de les seves dades (agpd.es).<\/p>\n<\/p>\n<h3>CONFIDENCIALITAT Y CESSI\u00d3 DE DADES A TERCERS<\/h3>\n<p>Les dades que ens faciliti es tractaran de manera confidencial. El prestador ha adoptat totes les mesures t\u00e8cniques i organitzatives i tots els nivells de protecci\u00f3 necessaris per garantir la seguretat en el tractament de les dades i evitar-ne l&#8217;alteraci\u00f3, p\u00e8rdua, robatori, tractament o acc\u00e9s no autoritzat, at\u00e8s l&#8217;estat de la tecnologia i naturalesa de les dades emmagatzemades. Aix\u00ed mateix, es garanteix tamb\u00e9 que el tractament i registre en fitxers, programes, sistemes o equips, locals i centres compleixen els requisits i les condicions d&#8217;integritat i seguretat establertes a la normativa vigent.<\/p>\n<p><span style=\"color: #ff0000;\">NOM EMPRESA<\/span> no cedir\u00e0 les dades personals a tercers, excepte per obligaci\u00f3 legal. Aix\u00f2 no obstant, en el cas de ser cedits a algun tercer es produiria una informaci\u00f3 pr\u00e8via sol\u00b7licitant el consentiment expr\u00e9s per aquesta cessi\u00f3. L&#8217;entitat responsable de la base de dades, aix\u00ed com els que intervinguin en qualsevol fase del tractament i\/o les entitats a qui se&#8217;ls hagi comunicat -en tot cas sempre amb la corresponent autoritzaci\u00f3 atorgada per l&#8217;usuari-, estan obligades a observar el secret professional i a l&#8217;adopci\u00f3 dels nivells de protecci\u00f3 i les mesures t\u00e8cniques i organitzatives necess\u00e0ries al seu abast per garantir la seguretat de les dades de car\u00e0cter personal, evitant, en la mesura del possible, accessos no autoritzats, modificacions il\u00b7l\u00edcites, sostraccions i\/o la p\u00e8rdua de les dades, a fi de procurar el corresponent nivell de seguretat dels fitxers del prestador, segons la naturalesa i sensibilitat de les dades facilitades pels usuaris del present Lloc web.<\/p>\n<\/p>\n<h3>ACCEPTACI\u00d3 Y CONSENTIMENT EN FORMULARI WEB<\/h3>\n<p>L&#8217;Usuari declara haver estat informat de les condicions sobre protecci\u00f3 de dades de car\u00e0cter personal, acceptant i consentint-ne el tractament automatitzat per part de <span style=\"color: #ff0000;\">NOM EMPRESA<\/span> en la forma i per a les finalitats indicades a la present Pol\u00edtica de Protecci\u00f3 de Dades Personals.<\/p>\n<p>Per tant, en utilitzar aquest formulari per contactar amb <span style=\"color: #ff0000;\">NOM EMPRESA<\/span>, est\u00e0 autoritzant expressament la utilitzaci\u00f3 de les seves dades per a l&#8217;enviament de comunicacions comercials, per qualsevol mitj\u00e0 (incloent-hi correu electr\u00f2nic), podent anul\u00b7lar aquesta autoritzaci\u00f3 quan ho desitgi, dirigint-se a <span style=\"color: #ff0000;\">NOM EMPRESA<\/span> a trav\u00e9s dels mitjans establerts.<\/p>\n<p>A trav\u00e9s d&#8217;aquesta Pol\u00edtica de Privacitat us informem que les fotografies que estiguin penjades a la web s\u00f3n propietat de <span style=\"color: #ff0000;\">NOM EMPRESA<\/span><\/p>\n<\/p>\n<h3>EXACTITUD Y VERACITAT DE LES DADES EN FORMULARI WEB<\/h3>\n<p>L&#8217;usuari \u00e9s l&#8217;\u00fanic responsable de la veracitat i correcci\u00f3 de les dades que remeti a <span style=\"color: #ff0000;\">NOM EMPRESA<\/span>, exonerant el prestador de qualsevol responsabilitat al respecte. Els usuaris garanteixen i responen, en qualsevol cas, de l&#8217;exactitud, vig\u00e8ncia i autenticitat de les dades personals facilitades, i es comprometen a mantenir-les degudament actualitzades. L&#8217;usuari accepta proporcionar informaci\u00f3 completa i correcta al formulari de registre o subscripci\u00f3.<\/p>\n<\/p>\n<h3>CONTINGUT DE LA WEB Y ENLLA\u00c7OS (LINKS)<\/h3>\n<p><span style=\"color: #ff0000;\">NOM EMPRESA<\/span> es reserva el dret a actualitzar, modificar o eliminar la informaci\u00f3 continguda a la web, podent, fins i tot, limitar o no permetre l&#8217;acc\u00e9s a la informaci\u00f3.<\/p>\n<p><span style=\"color: #ff0000;\">NOM EMPRESA<\/span> no assumeix cap tipus de responsabilitat per la informaci\u00f3 continguda a les Webs de tercers a qu\u00e8 es pugui accedir pels \u201clinks\u201d o enlla\u00e7os des de qualsevol p\u00e0gina Web propietat del prestador.<\/p>\n<p>La pres\u00e8ncia de \u201clinks\u201d o enlla\u00e7os nom\u00e9s t\u00e9 finalitat informativa i en cap cas suposa cap suggeriment, invitaci\u00f3 o reconeixement sobre aquests.<\/p>\n<\/p>\n<h3>ENVIAMENT CV EN FORMULARI WEB<\/h3>\n<p>En cas que l&#8217;usuari envi\u00ef el seu CV a trav\u00e9s de la nostra web, us informem que les dades aportades seran tractades per fer-lo part\u00edcip dels processos de selecci\u00f3 que hi pugui haver, duent a terme una an\u00e0lisi del perfil del sol\u00b7licitant amb l&#8217;objectiu de seleccionar el millor candidat per al lloc vacant del Responsable. Us informem que aquest \u00e9s l&#8217;\u00fanic procediment oficial per acceptar el vostre curr\u00edculum, de manera que no s&#8217;acceptaran els curr\u00edculums remesos per un altre procediment diferent. En cas de produir-se alguna modificaci\u00f3 en les dades, us preguem ens ho comuniqueu per escrit al m\u00e9s aviat possible, a fi de mantenir les vostres dades degudament actualitzades.<\/p>\n<p>Les dades es conservaran durant un termini m\u00e0xim de tres anys, transcorregut el qual es procedir\u00e0 a la supressi\u00f3 de les dades garantint-li un total respecte a la confidencialitat tant en el tractament com en la destrucci\u00f3 posterior. En aquest sentit, transcorregut el termini esmentat, i si voleu continuar participant en els processos de selecci\u00f3 del Responsable, us preguem que ens remeti novament el vostre curr\u00edculum.<\/p>\n<p>Les dades es podran tractar i\/o comunicar a les empreses integrants del nostre grup durant el temps de conservaci\u00f3 del seu curr\u00edculum i per a aquests fins abans informats.<\/p>\n<p>Si ens autoritza de forma expressa en el moment d&#8217;omplir el formulari web, <span style=\"color: #ff0000;\">NOM EMPRESA<\/span> podr\u00e0 cedir el CV a terceres empreses interessades en el seu perfil.<\/p>\n<\/p>\n<h3>CANVIS A LA PRESENT POL\u00cdTICA DE PRIVACITAT<\/h3>\n<p><span style=\"color: #ff0000;\">NOM EMPRESA<\/span> es reserva el dret a modificar aquesta pol\u00edtica per adaptar-la a novetats legislatives o jurisprudencials.<\/p>\n<\/p>\n<h3>CORREUS COMERCIALS<\/h3>\n<p>D&#8217;acord amb la LSSICE, <span style=\"color: #ff0000;\">NOM EMPRESA<\/span> no fa pr\u00e0ctiques de SPAM, per tant, no envia correus comercials per e-mail que no hagin estat pr\u00e8viament sol\u00b7licitats o autoritzats per l&#8217;Usuari. En conseq\u00fc\u00e8ncia, a cadascun dels formularis de la P\u00e0gina Web, l&#8217;Usuari t\u00e9 la possibilitat de donar el seu consentiment expr\u00e9s per rebre el nostre Butllet\u00ed, amb independ\u00e8ncia de la informaci\u00f3 comercial puntualment sol\u00b7licitada.<\/p>\n<\/p>\n<h3>LEGISLACI\u00d3<\/h3>\n<p>A tots els efectes les relacions entre <span style=\"color: #ff0000;\">NOM EMPRESA<\/span> amb els Usuaris dels seus serveis telem\u00e0tics, presents en aquesta Web, estan sotmesos a la legislaci\u00f3 i jurisdicci\u00f3 espanyoles a qu\u00e8 se sotmeten expressament les parts, sent competents per la resoluci\u00f3 de tots els conflictes derivats o relacionats amb el seu \u00fas els Jutjats i Tribunals de Lleida.<\/p>\n<\/div>\n\t\t\t\t\t\t\t\t<\/div>\n\t\t\t\t<\/div>\n\t\t\t\t\t<\/div>\n\t\t<\/div>\n\t\t\t\t\t<\/div>\n\t\t<\/section>\n\t\t\t\t<\/div>\n\t\t","protected":false},"excerpt":{"rendered":"<p>RESPONSABLE DEL TRACTAMENT El Responsable del tractament es NOM EMPRESA, domiciliada en &#8230; (&#8230;), carrer &#8230;, n\u00famero &#8230;, amb CIF &#8230;, tel\u00e8fon de contacte: &#8230; y email: &#8230;@&#8230;.com. NOM EMPRESA, com a responsable del present Lloc web (Prestador del servei) i de conformitat amb el que disposa la normativa vigent en mat\u00e8ria de protecci\u00f3 de [&hellip;]<\/p>\n","protected":false},"author":11,"featured_media":0,"parent":0,"menu_order":8,"comment_status":"closed","ping_status":"closed","template":"elementor_header_footer","meta":{"footnotes":""},"class_list":["post-876","page","type-page","status-publish","hentry"],"yoast_head":"<!-- This site is optimized with the Yoast SEO plugin v27.4 - https:\/\/yoast.com\/product\/yoast-seo-wordpress\/ -->\n<title>Pol\u00edtica de privacitat - Inter Oxi<\/title>\n<meta name=\"description\" content=\"RESPONSABLE DEL TRACTAMENT El Responsable del tractament es NOM EMPRESA, domiciliada en ... (...), carrer ..., n\u00famero ..., amb CIF ..., tel\u00e8fon de\" \/>\n<meta name=\"robots\" content=\"noindex, nofollow\" \/>\n<meta property=\"og:locale\" content=\"ca_ES\" \/>\n<meta property=\"og:type\" content=\"article\" \/>\n<meta property=\"og:title\" content=\"Pol\u00edtica de privacitat - Inter Oxi\" \/>\n<meta property=\"og:description\" content=\"RESPONSABLE DEL TRACTAMENT El Responsable del tractament es NOM EMPRESA, domiciliada en ... (...), carrer ..., n\u00famero ..., amb CIF ..., tel\u00e8fon de\" \/>\n<meta property=\"og:url\" content=\"https:\/\/interoxi.com\/ca\/politica-de-privacidad\/\" \/>\n<meta property=\"og:site_name\" content=\"Inter Oxi\" \/>\n<meta property=\"article:modified_time\" content=\"2023-09-04T12:25:51+00:00\" \/>\n<meta name=\"twitter:card\" content=\"summary_large_image\" \/>\n<meta name=\"twitter:label1\" content=\"Temps estimat de lectura\" \/>\n\t<meta name=\"twitter:data1\" content=\"9 minuts\" \/>\n<script type=\"application\/ld+json\" class=\"yoast-schema-graph\">{\"@context\":\"https:\\\/\\\/schema.org\",\"@graph\":[{\"@type\":\"WebPage\",\"@id\":\"https:\\\/\\\/interoxi.com\\\/ca\\\/politica-de-privacidad\\\/\",\"url\":\"https:\\\/\\\/interoxi.com\\\/ca\\\/politica-de-privacidad\\\/\",\"name\":\"Pol\u00edtica de privacitat - Inter Oxi\",\"isPartOf\":{\"@id\":\"https:\\\/\\\/interoxi.com\\\/ca\\\/#website\"},\"datePublished\":\"2020-08-20T11:03:05+00:00\",\"dateModified\":\"2023-09-04T12:25:51+00:00\",\"description\":\"RESPONSABLE DEL TRACTAMENT El Responsable del tractament es NOM EMPRESA, domiciliada en ... (...), carrer ..., n\u00famero ..., amb CIF ..., tel\u00e8fon de\",\"inLanguage\":\"ca\",\"potentialAction\":[{\"@type\":\"ReadAction\",\"target\":[\"https:\\\/\\\/interoxi.com\\\/ca\\\/politica-de-privacidad\\\/\"]}]},{\"@type\":\"WebSite\",\"@id\":\"https:\\\/\\\/interoxi.com\\\/ca\\\/#website\",\"url\":\"https:\\\/\\\/interoxi.com\\\/ca\\\/\",\"name\":\"Inter Oxi\",\"description\":\"Inter Oxi\",\"publisher\":{\"@id\":\"https:\\\/\\\/interoxi.com\\\/ca\\\/#organization\"},\"potentialAction\":[{\"@type\":\"SearchAction\",\"target\":{\"@type\":\"EntryPoint\",\"urlTemplate\":\"https:\\\/\\\/interoxi.com\\\/ca\\\/?s={search_term_string}\"},\"query-input\":{\"@type\":\"PropertyValueSpecification\",\"valueRequired\":true,\"valueName\":\"search_term_string\"}}],\"inLanguage\":\"ca\"},{\"@type\":\"Organization\",\"@id\":\"https:\\\/\\\/interoxi.com\\\/ca\\\/#organization\",\"name\":\"Inter Oxi\",\"url\":\"https:\\\/\\\/interoxi.com\\\/ca\\\/\",\"logo\":{\"@type\":\"ImageObject\",\"inLanguage\":\"ca\",\"@id\":\"https:\\\/\\\/interoxi.com\\\/ca\\\/#\\\/schema\\\/logo\\\/image\\\/\",\"url\":\"https:\\\/\\\/interoxi.com\\\/wp-content\\\/uploads\\\/1_INTER-OXI-logo-7.png\",\"contentUrl\":\"https:\\\/\\\/interoxi.com\\\/wp-content\\\/uploads\\\/1_INTER-OXI-logo-7.png\",\"width\":750,\"height\":198,\"caption\":\"Inter Oxi\"},\"image\":{\"@id\":\"https:\\\/\\\/interoxi.com\\\/ca\\\/#\\\/schema\\\/logo\\\/image\\\/\"}}]}<\/script>\n<!-- \/ Yoast SEO plugin. -->","yoast_head_json":{"title":"Pol\u00edtica de privacitat - Inter Oxi","description":"RESPONSABLE DEL TRACTAMENT El Responsable del tractament es NOM EMPRESA, domiciliada en ... (...), carrer ..., n\u00famero ..., amb CIF ..., tel\u00e8fon de","robots":{"index":"noindex","follow":"nofollow"},"og_locale":"ca_ES","og_type":"article","og_title":"Pol\u00edtica de privacitat - Inter Oxi","og_description":"RESPONSABLE DEL TRACTAMENT El Responsable del tractament es NOM EMPRESA, domiciliada en ... (...), carrer ..., n\u00famero ..., amb CIF ..., tel\u00e8fon de","og_url":"https:\/\/interoxi.com\/ca\/politica-de-privacidad\/","og_site_name":"Inter Oxi","article_modified_time":"2023-09-04T12:25:51+00:00","twitter_card":"summary_large_image","twitter_misc":{"Temps estimat de lectura":"9 minuts"},"schema":{"@context":"https:\/\/schema.org","@graph":[{"@type":"WebPage","@id":"https:\/\/interoxi.com\/ca\/politica-de-privacidad\/","url":"https:\/\/interoxi.com\/ca\/politica-de-privacidad\/","name":"Pol\u00edtica de privacitat - Inter Oxi","isPartOf":{"@id":"https:\/\/interoxi.com\/ca\/#website"},"datePublished":"2020-08-20T11:03:05+00:00","dateModified":"2023-09-04T12:25:51+00:00","description":"RESPONSABLE DEL TRACTAMENT El Responsable del tractament es NOM EMPRESA, domiciliada en ... (...), carrer ..., n\u00famero ..., amb CIF ..., tel\u00e8fon de","inLanguage":"ca","potentialAction":[{"@type":"ReadAction","target":["https:\/\/interoxi.com\/ca\/politica-de-privacidad\/"]}]},{"@type":"WebSite","@id":"https:\/\/interoxi.com\/ca\/#website","url":"https:\/\/interoxi.com\/ca\/","name":"Inter Oxi","description":"Inter Oxi","publisher":{"@id":"https:\/\/interoxi.com\/ca\/#organization"},"potentialAction":[{"@type":"SearchAction","target":{"@type":"EntryPoint","urlTemplate":"https:\/\/interoxi.com\/ca\/?s={search_term_string}"},"query-input":{"@type":"PropertyValueSpecification","valueRequired":true,"valueName":"search_term_string"}}],"inLanguage":"ca"},{"@type":"Organization","@id":"https:\/\/interoxi.com\/ca\/#organization","name":"Inter Oxi","url":"https:\/\/interoxi.com\/ca\/","logo":{"@type":"ImageObject","inLanguage":"ca","@id":"https:\/\/interoxi.com\/ca\/#\/schema\/logo\/image\/","url":"https:\/\/interoxi.com\/wp-content\/uploads\/1_INTER-OXI-logo-7.png","contentUrl":"https:\/\/interoxi.com\/wp-content\/uploads\/1_INTER-OXI-logo-7.png","width":750,"height":198,"caption":"Inter Oxi"},"image":{"@id":"https:\/\/interoxi.com\/ca\/#\/schema\/logo\/image\/"}}]}},"_links":{"self":[{"href":"https:\/\/interoxi.com\/ca\/wp-json\/wp\/v2\/pages\/876","targetHints":{"allow":["GET"]}}],"collection":[{"href":"https:\/\/interoxi.com\/ca\/wp-json\/wp\/v2\/pages"}],"about":[{"href":"https:\/\/interoxi.com\/ca\/wp-json\/wp\/v2\/types\/page"}],"author":[{"embeddable":true,"href":"https:\/\/interoxi.com\/ca\/wp-json\/wp\/v2\/users\/11"}],"replies":[{"embeddable":true,"href":"https:\/\/interoxi.com\/ca\/wp-json\/wp\/v2\/comments?post=876"}],"version-history":[{"count":12,"href":"https:\/\/interoxi.com\/ca\/wp-json\/wp\/v2\/pages\/876\/revisions"}],"predecessor-version":[{"id":4282,"href":"https:\/\/interoxi.com\/ca\/wp-json\/wp\/v2\/pages\/876\/revisions\/4282"}],"wp:attachment":[{"href":"https:\/\/interoxi.com\/ca\/wp-json\/wp\/v2\/media?parent=876"}],"curies":[{"name":"wp","href":"https:\/\/api.w.org\/{rel}","templated":true}]}}