{"id":877,"date":"2020-08-20T11:02:38","date_gmt":"2020-08-20T11:02:38","guid":{"rendered":"https:\/\/kitdigitalweb.vunkers.dev\/politica-de-cookies\/"},"modified":"2023-09-04T15:33:11","modified_gmt":"2023-09-04T13:33:11","slug":"politica-de-cookies","status":"publish","type":"page","link":"https:\/\/interoxi.com\/ca\/politica-de-cookies\/","title":{"rendered":"Pol\u00edtica de cookies"},"content":{"rendered":"\t\t<div data-elementor-type=\"wp-page\" data-elementor-id=\"877\" class=\"elementor elementor-877 elementor-566\" data-elementor-post-type=\"page\">\n\t\t\t\t\t\t<section class=\"elementor-section elementor-top-section elementor-element elementor-element-2429a03 v-pg-legals elementor-section-boxed elementor-section-height-default elementor-section-height-default\" data-id=\"2429a03\" data-element_type=\"section\" data-e-type=\"section\">\n\t\t\t\t\t\t<div class=\"elementor-container elementor-column-gap-default\">\n\t\t\t\t\t<div class=\"elementor-column elementor-col-100 elementor-top-column elementor-element elementor-element-e5ec6b2\" data-id=\"e5ec6b2\" data-element_type=\"column\" data-e-type=\"column\">\n\t\t\t<div class=\"elementor-widget-wrap elementor-element-populated\">\n\t\t\t\t\t\t<div class=\"elementor-element elementor-element-66da413 elementor-widget elementor-widget-text-editor\" data-id=\"66da413\" data-element_type=\"widget\" data-e-type=\"widget\" data-widget_type=\"text-editor.default\">\n\t\t\t\t<div class=\"elementor-widget-container\">\n\t\t\t\t\t\t\t\t\t<p>A causa de l&#8217;entrada en vigor de la modificaci\u00f3 referent de la \u00abLlei de Serveis de la Societat de la Informaci\u00f3\u00bb (LSSICE) establerta pel Reial Decret 13\/2012, \u00e9s d&#8217;obligaci\u00f3 obtenir el consentiment expr\u00e9s de l&#8217;usuari de totes les p\u00e0gines web que usen <em>cookies<\/em> prescindibles, abans de que aquest navegui per elles.<\/p>\n<h3>\u00bfQU\u00c9 SON LES COOKIES?<\/h3>\n<p>Les <em>cookies<\/em> i altres tecnologies similars tals com local shared objects, flash <em>cookies<\/em> o p\u00edxels, s\u00f3n eines emprades pels servidors web per emmagatzemar i recuperar informaci\u00f3 sobre els seus visitants, aix\u00ed com per oferir un funcionament correcte del lloc.<\/p>\n<p>Mitjan\u00e7ant l&#8217;\u00fas d&#8217;aquests dispositius es permet al servidor web recordar algunes dades concernents a l&#8217;usuari, com les seves prefer\u00e8ncies per a la visualitzaci\u00f3 de les p\u00e0gines d&#8217;aquest servidor, nom i contrasenya, productes que m\u00e9s l&#8217;interessen, etc.<\/p>\n<h3>COOKIES AFECTADES PER LA NORMATIVA Y COOKIES EXCEPTUADES<\/h3>\n<p>Segons la directiva de la UE, les <em>cookies<\/em> que requereixen el consentiment informat per part de l&#8217;usuari s\u00f3n les <em>cookies<\/em> d&#8217;anal\u00edtica i les de publicitat i afiliaci\u00f3, i queden exceptuades les de car\u00e0cter t\u00e8cnic i les necess\u00e0ries per al funcionament del lloc web o la prestaci\u00f3 de serveis expressament sol\u00b7licitats per l&#8217;usuari.<\/p>\n<h2><span style=\"color: inherit; font-family: 'Roboto Condensed', sans-serif; font-size: 30px; font-weight: bold;\">TIPUS DE COOKIES<\/span><\/h2>\n<h3><strong>SEGONS LA FINALITAT<\/strong><\/h3>\n<ul>\n<li><strong><em>Cookies<\/em> t\u00e8cniques<\/strong> i funcionals: s\u00f3n aquelles que permeten a l&#8217;usuari la navegaci\u00f3 a trav\u00e9s d&#8217;una p\u00e0gina web, plataforma o aplicaci\u00f3 i la utilitzaci\u00f3 de les diferents opcions o serveis que en ella hi hagi.<\/li>\n<li><strong><em>Cookies<\/em> anal\u00edtiques<\/strong>: s\u00f3n aquelles que permeten al responsable de les mateixes el seguiment i an\u00e0lisi del comportament dels usuaris dels llocs web a qu\u00e8 estan vinculades. La informaci\u00f3 recollida mediant aquest tipus de <em>cookies<\/em> s&#8217;utilitza en el mesurament de l&#8217;activitat dels llocs web, l&#8217;aplicaci\u00f3 o la plataforma i per a l&#8217;elaboraci\u00f3 de perfils de navegaci\u00f3 dels usuaris d&#8217;aquests llocs, aplicacions i plataformes, per introduir millores en funci\u00f3 de l&#8217;an\u00e0lisi de les dades d&#8217;\u00fas que fan els usuaris del servei.<\/li>\n<li><strong><em>Cookies<\/em> publicitaries<\/strong>: s\u00f3n aquelles que permeten la gesti\u00f3, de la manera m\u00e9s efica\u00e7 possible, dels espais publicitaris que, si en el seu cas, l&#8217;editor hagi incl\u00f2s en una p\u00e0gina web, aplicaci\u00f3 o plataforma des de la qual presta el servei sol\u00b7licitat en base a criteris com el contingut editat o la freq\u00fc\u00e8ncia en qu\u00e8 es mostren els anuncis.<\/li>\n<li><strong><em>Cookies<\/em> de publicitat comportamental<\/strong>: recullen informaci\u00f3 sobre les prefer\u00e8ncies i eleccions personals de l&#8217;usuari (retargeting) per permetre la gesti\u00f3, de la manera m\u00e9s efica\u00e7 possible, dels espais publicitaris que, si escau, l&#8217;editor hagi incl\u00f2s en una p\u00e0gina web, aplicaci\u00f3 o plataforma des de la que presta el servei sol\u00b7licitat.<\/li>\n<li><strong><em>Cookies<\/em> socials<\/strong>: s\u00f3n establertes per les plataformes de xarxes socials en els serveis per permetre compartir contingut amb els seus amics i xarxes. Les plataformes de mitjans socials tenen la capacitat de rastrejar la seva activitat en l\u00ednia fora dels serveis. Aix\u00f2 pot afectar el contingut i els missatges que veieu en altres serveis que visiteu.<\/li>\n<li><strong><em>Cookies<\/em> de afiliats<\/strong>: permeten fer un seguiment de les visites procedents d&#8217;altres webs, amb qu\u00e8 el lloc web estableix un contracte d&#8217;afiliaci\u00f3 (empreses d&#8217;afiliaci\u00f3).<\/li>\n<li><strong><em>Cookies<\/em> de seguretat<\/strong>: emmagatzemen informaci\u00f3 xifrada per evitar que les dades desades en elles siguin vulnerables a atacs maliciosos de tercers.<\/li>\n<\/ul>\n<h3><strong>SEGONS LA PROPIETAT<\/strong><\/h3>\n<ul>\n<li><strong><em>Cookies<\/em> pr\u00f2pies<\/strong>: s\u00f3n les que s&#8217;envien a l&#8217;equip terminal de l&#8217;usuari des d&#8217;un equip o domini gestionat pel mateix editor i des del qual es presta el servei sol\u00b7licitat per l&#8217;usuari.<\/li>\n<li><strong><em>Cookies<\/em> de tercers<\/strong>: s\u00f3n aquelles que s&#8217;envien a l&#8217;equip terminal de l&#8217;usuari des d&#8217;un equip o domini que no \u00e9s gestionat per l&#8217;editor, sin\u00f3 per una altra entitat que tracta les dades obtingudes a trav\u00e9s de les <em>cookies<\/em>.<\/li>\n<\/ul>\n<h3><strong>SEGONS EL TERMINI DE CONSERVACI\u00d3<\/strong><\/h3>\n<ul>\n<li><strong><em>Cookies<\/em> de sessi\u00f3<\/strong>: s\u00f3n un tipus de <em>cookies<\/em> dissenyades per demanar i emmagatzemar dades mentre l&#8217;usuari accedeix a una p\u00e0gina web.<\/li>\n<li><strong><em>Cookies<\/em> persistents<\/strong>: s\u00f3n un tipus de <em>cookies<\/em> en qu\u00e8 les dades segueixen emmagatzemades al terminal i poden ser accedides i tractades durant un per\u00edode definit pel responsable de la cookie, i que pot anar d&#8217;uns minuts a diversos anys.<\/li>\n<\/ul>\n<h2>TRACTAMENT DE DADES PERSONALS<\/h2>\n<p><span style=\"color: rgb(255, 0, 0); background-color: var( --e-global-color-73d7754 );\">NOM EMPRESA<\/span>. Es el <strong>Responsable del tractament<\/strong> de les dades personals del <strong>Interessat<\/strong> y l&#8217;informa que aquestes dades seran tractades de conformitat amb el que disposa el Reglament (UE) 2016\/679, de 27 d&#8217;abril de 2016 (GDPR), per la qual cosa se li facilita la informaci\u00f3 seg\u00fcent del tractament:<\/p>\n<p><strong>Fins del tractament<\/strong>: segons s&#8217;especifica en el apartat de <em>cookies<\/em> que s&#8217;utilizen en aquest lloc web.<\/p>\n<p><strong>Legitimaci\u00f3 del tractament<\/strong>: per consentiment de l&#8217;interessat (art. 6.1 GDPR).<\/p>\n<p><strong>Criteris de conservaci\u00f3 de les dades<\/strong>: segons s&#8217;especifica en l&#8217;apartat de <em>cookies<\/em> utilizades en la web.<\/p>\n<p><strong>Comunicaci\u00f3 de les dades<\/strong>: no es comunicaran les dades a tercers, excepte en <em>cookies<\/em> propietat de tercers o per obligaci\u00f3 legal.<\/p>\n<p><strong>Drets que assisteixen a l&#8217;Interesat<\/strong>:<\/p>\n<p>&#8211; Dret a retirar el consentiment en qualsevol moment.<br>&#8211; Dret d&#8217;acc\u00e9s, rectificaci\u00f3, portabilitat i supressi\u00f3 de les dades, i de limitaci\u00f3 o oposici\u00f3 al tractament.<br>&#8211; Dret a presentar una reclamaci\u00f3 davant de l&#8217;Autoritat de control (www.aepd.es) si considera que el tractament no s&#8217;ajusta a la normativa vigent.<\/p>\n<p><strong>Dades de contacte per exercir els seus drets<\/strong>:<\/p>\n<p><span style=\"color: rgb(255, 0, 0); background-color: var( --e-global-color-73d7754 );\">NOM EMPRESA<\/span>, S.L. Carrer xx 100, xx, xx- LLEIDA. E-mail: email@domini.com<\/p>\n<h2>COOKIES UTILITZADES EN AQUEST LLOC WEB<\/h2>\n<p><strong>COOKIES CONTROLADES PER L&#8217;EDITOR<\/strong><\/p>\n<p><strong>Necess\u00e0ries<\/strong><\/p>\n<div>\n<table>\n<thead>\n<tr>\n<td width=\"19%\">Propietat<\/td>\n<td width=\"17%\">Cookie<\/td>\n<td>Finalitat<\/td>\n<td width=\"15%\">Termini<\/td>\n<\/tr>\n<\/thead>\n<tbody>\n<tr>\n<td>domini.com<\/td>\n<td>viewed_cookie_policy<\/td>\n<td>Cookie necess\u00e0ria per a la utilitzaci\u00f3 de les opcions i serveis de la p\u00e0gina web.<\/td>\n<td>11 mesos<\/td>\n<\/tr>\n<tr>\n<td>domini.com<\/td>\n<td>cookielawinfo-checkbox-non-necessary<\/td>\n<td>Aquesta cookie est\u00e0 configurada pel complement de consentiment de cookies GDPR. Les cookies s&#8217;utilitzen per emmagatzemar el consentiment de l&#8217;usuari per a les cookies a la categoria &#8220;No necess\u00e0ries&#8221;.<\/td>\n<td>11 mesos<\/td>\n<\/tr>\n<tr>\n<td>domini.com<\/td>\n<td>cookielawinfo-checkbox-necessary<\/td>\n<td>Aquesta cookie est\u00e0 configurada pel complement de consentiment de cookies GDPR. Les cookies s&#8217;utilitzen per emmagatzemar el consentiment de l&#8217;usuari per a les cookies a la categoria &#8220;Necess\u00e0ries&#8221;.<\/td>\n<td>11 mesos<\/td>\n<\/tr>\n<tr>\n<td>domini.com<\/td>\n<td>CookieLawInfoConsent<\/td>\n<td>Aquesta Cookie est\u00e0 configurada el Plugin GDPR i s&#8217;utilitza per emmagatzemar si l&#8217;usuari ha consentit o no l&#8217;\u00fas de Cookies. No emmagatzema cap dada personal.<\/td>\n<td>11 mesos<\/td>\n<\/tr>\n<\/tbody>\n<\/table>\n<\/div>\n<p><strong>T\u00e8cniques i funcionals<\/strong><\/p>\n<div>\n<table>\n<thead>\n<tr>\n<td width=\"19%\">Propietat<\/td>\n<td width=\"17%\">Cookie<\/td>\n<td>Finalitat<\/td>\n<td width=\"15%\">Termini<\/td>\n<\/tr>\n<\/thead>\n<tbody>\n<tr>\n<td>domini.com<\/td>\n<td>cli_user_preference<\/td>\n<td>Emmagatzema el resum del consentiment atorgat per a l&#8217;\u00fas de cookies.<\/td>\n<td>12 mesos<\/td>\n<\/tr>\n<\/tbody>\n<\/table>\n<\/div>\n<p><strong>Anal\u00edtiques y publicacitaries<\/strong><\/p>\n<p>Aquesta web no utilitza cookies anal\u00edtiques o publicit\u00e0ries.<\/p>\n<div>&nbsp;<\/div>\n<p><strong>COOKIES DE TERCERS<\/strong><\/p>\n<p>Els serveis de tercers s\u00f3n aliens al control de l&#8217;editor. Els prove\u00efdors poden modificar en tot moment les seves condicions de servei, finalitat i utilitzaci\u00f3 de les <em>cookies<\/em>, etc.<\/p>\n<p><strong>Prove\u00efdors externs d&#8217;aquest lloc web:<\/strong><\/p>\n<p>Aquesta web no utilitza galetes de tercers.<\/p>\n<h2>PANEL DE CONFIGURACI\u00d3 DE COOKIES<\/h2>\n<p>Des de aquest panel podr\u00e0 configurar les <em>cookies<\/em> que el lloc web pot instal\u00b7lar en el seu navegador, excepte les <em>cookies<\/em> t\u00e8cniques o funcionals que s\u00f3n necess\u00e0ries per a la navegaci\u00f3 i la utilitzaci\u00f3 de les diferents opcions o serveis que s&#8217;hi ofereixen.<\/p>\n<p><a>Panel de cookies<\/a><\/p>\n<h3><strong>COM GESTIONAR LES COOKIES DES DEL NAVEGADOR<\/strong><\/h3>\n<div>\n<table>\n<tbody>\n<tr>\n<td width=\"30\"><strong>Eliminar les <em>cookies<\/em> del dispositiu<\/strong><\/td>\n<td width=\"70%\">Las <em>cookies<\/em> que ja estan en un dispositiu es poden eliminar esborrant l&#8217;historial del navegador, de manera que se suprimeixen les <em>cookies<\/em> de tots els llocs web visitats.<br>No obstant aix\u00f2, tamb\u00e9 podeu perdre part de la informaci\u00f3 desada (per exemple, les dades d&#8217;inici de sessi\u00f3 o les prefer\u00e8ncies de lloc web).<\/td>\n<\/tr>\n<tr>\n<td width=\"30%\"><strong>Gestionar les <em>cookies<\/em> espec\u00edfiques del lloc<\/strong><\/td>\n<td width=\"70%\">Per tenir un control m\u00e9s prec\u00eds de las <em>cookies<\/em> espec\u00edfiques de cada lloc, els usuaris poden ajustar la seva configuraci\u00f3 de privacitat y <em>cookies<\/em> en el navegador.<\/td>\n<\/tr>\n<tr>\n<td width=\"30%\"><strong>Bloquejar les <em>cookies<\/em><\/strong><\/td>\n<td width=\"70%\">Tot i que la majoria dels navegadors moderns es poden configurar per evitar que s&#8217;instal\u00b7lin <em>cookies<\/em> en els dispositius, aix\u00f2 pot obligar a l&#8217;ajustament manual de determinades prefer\u00e8ncies cada cop que es visiti un lloc o p\u00e0gina. A m\u00e9s, alguns serveis i caracter\u00edstiques poden no funcionar correctament (per exemple, els inicis de sessi\u00f3 amb perfil).<\/td>\n<\/tr>\n<\/tbody>\n<\/table>\n<\/div>\n<h3><strong>O ELIMINAR LES COOKIES DELS NAVEGADORS M\u00c9S COMUNS<\/strong><\/h3>\n<div>\n<table>\n<tbody>\n<tr>\n<td width=\"30\"><strong>Chrome<\/strong><\/td>\n<td width=\"70%\"><a href=\"http:\/\/support.google.com\/chrome\/answer\/95647?hl=es\">http:\/\/support.google.com\/chrome\/answer\/95647?hl=es<\/a><\/td>\n<\/tr>\n<tr>\n<td width=\"30%\"><strong>Internet Explorer. Versi\u00f3 11<\/strong><\/td>\n<td width=\"70%\"><a href=\"https:\/\/support.microsoft.com\/es-es\/help\/278835\/how-to-delete-cookie-files-in-internet-explorer\">https:\/\/support.microsoft.com\/es-es\/help\/278835\/how-to-delete-cookie-files-in-internet-explorer<\/a><\/td>\n<\/tr>\n<tr>\n<td width=\"30%\"><strong>Firefox. Versi\u00f3 65.0.1<\/strong><\/td>\n<td width=\"70%\"><a href=\"https:\/\/www.mozilla.org\/es-ES\/privacy\/websites\/#cookies\">https:\/\/www.mozilla.org\/es-ES\/privacy\/websites\/#cookies<\/a><\/td>\n<\/tr>\n<tr>\n<td width=\"30%\"><strong>Safari Versi\u00f3 5.1<\/strong><\/td>\n<td width=\"70%\"><a href=\"https:\/\/support.apple.com\/es-es\/guide\/safari\/sfri11471\/mac\">https:\/\/support.apple.com\/es-es\/guide\/safari\/sfri11471\/mac<\/a><\/td>\n<\/tr>\n<tr>\n<td width=\"30%\"><strong>Opera<\/strong><\/td>\n<td width=\"70%\"><a href=\"https:\/\/help.opera.com\/en\/latest\/security-and-privacy\/#clearBrowsingData\">https:\/\/help.opera.com\/en\/latest\/security-and-privacy\/#clearBrowsingData<\/a><\/td>\n<\/tr>\n<\/tbody>\n<\/table>\n<\/div>\t\t\t\t\t\t\t\t<\/div>\n\t\t\t\t<\/div>\n\t\t\t\t\t<\/div>\n\t\t<\/div>\n\t\t\t\t\t<\/div>\n\t\t<\/section>\n\t\t\t\t<\/div>\n\t\t","protected":false},"excerpt":{"rendered":"<p>A causa de l&#8217;entrada en vigor de la modificaci\u00f3 referent de la \u00abLlei de Serveis de la Societat de la Informaci\u00f3\u00bb (LSSICE) establerta pel Reial Decret 13\/2012, \u00e9s d&#8217;obligaci\u00f3 obtenir el consentiment expr\u00e9s de l&#8217;usuari de totes les p\u00e0gines web que usen cookies prescindibles, abans de que aquest navegui per elles. \u00bfQU\u00c9 SON LES COOKIES? [&hellip;]<\/p>\n","protected":false},"author":11,"featured_media":0,"parent":0,"menu_order":20,"comment_status":"closed","ping_status":"closed","template":"elementor_header_footer","meta":{"footnotes":""},"class_list":["post-877","page","type-page","status-publish","hentry"],"yoast_head":"<!-- This site is optimized with the Yoast SEO plugin v27.4 - https:\/\/yoast.com\/product\/yoast-seo-wordpress\/ -->\n<title>Pol\u00edtica de cookies - Inter Oxi<\/title>\n<meta name=\"description\" content=\"A causa de l&#039;entrada en vigor de la modificaci\u00f3 referent de la \u00abLlei de Serveis de la Societat de la Informaci\u00f3\u00bb (LSSICE) establerta pel Reial Decret\" \/>\n<meta name=\"robots\" content=\"noindex, nofollow\" \/>\n<meta property=\"og:locale\" content=\"ca_ES\" \/>\n<meta property=\"og:type\" content=\"article\" \/>\n<meta property=\"og:title\" content=\"Pol\u00edtica de cookies - Inter Oxi\" \/>\n<meta property=\"og:description\" content=\"A causa de l&#039;entrada en vigor de la modificaci\u00f3 referent de la \u00abLlei de Serveis de la Societat de la Informaci\u00f3\u00bb (LSSICE) establerta pel Reial Decret\" \/>\n<meta property=\"og:url\" content=\"https:\/\/interoxi.com\/ca\/politica-de-cookies\/\" \/>\n<meta property=\"og:site_name\" content=\"Inter Oxi\" \/>\n<meta property=\"article:modified_time\" content=\"2023-09-04T13:33:11+00:00\" \/>\n<meta name=\"twitter:card\" content=\"summary_large_image\" \/>\n<meta name=\"twitter:label1\" content=\"Temps estimat de lectura\" \/>\n\t<meta name=\"twitter:data1\" content=\"7 minuts\" \/>\n<script type=\"application\/ld+json\" class=\"yoast-schema-graph\">{\"@context\":\"https:\\\/\\\/schema.org\",\"@graph\":[{\"@type\":\"WebPage\",\"@id\":\"https:\\\/\\\/interoxi.com\\\/ca\\\/politica-de-cookies\\\/\",\"url\":\"https:\\\/\\\/interoxi.com\\\/ca\\\/politica-de-cookies\\\/\",\"name\":\"Pol\u00edtica de cookies - Inter Oxi\",\"isPartOf\":{\"@id\":\"https:\\\/\\\/interoxi.com\\\/ca\\\/#website\"},\"datePublished\":\"2020-08-20T11:02:38+00:00\",\"dateModified\":\"2023-09-04T13:33:11+00:00\",\"description\":\"A causa de l'entrada en vigor de la modificaci\u00f3 referent de la \u00abLlei de Serveis de la Societat de la Informaci\u00f3\u00bb (LSSICE) establerta pel Reial Decret\",\"inLanguage\":\"ca\",\"potentialAction\":[{\"@type\":\"ReadAction\",\"target\":[\"https:\\\/\\\/interoxi.com\\\/ca\\\/politica-de-cookies\\\/\"]}]},{\"@type\":\"WebSite\",\"@id\":\"https:\\\/\\\/interoxi.com\\\/ca\\\/#website\",\"url\":\"https:\\\/\\\/interoxi.com\\\/ca\\\/\",\"name\":\"Inter Oxi\",\"description\":\"Inter Oxi\",\"publisher\":{\"@id\":\"https:\\\/\\\/interoxi.com\\\/ca\\\/#organization\"},\"potentialAction\":[{\"@type\":\"SearchAction\",\"target\":{\"@type\":\"EntryPoint\",\"urlTemplate\":\"https:\\\/\\\/interoxi.com\\\/ca\\\/?s={search_term_string}\"},\"query-input\":{\"@type\":\"PropertyValueSpecification\",\"valueRequired\":true,\"valueName\":\"search_term_string\"}}],\"inLanguage\":\"ca\"},{\"@type\":\"Organization\",\"@id\":\"https:\\\/\\\/interoxi.com\\\/ca\\\/#organization\",\"name\":\"Inter Oxi\",\"url\":\"https:\\\/\\\/interoxi.com\\\/ca\\\/\",\"logo\":{\"@type\":\"ImageObject\",\"inLanguage\":\"ca\",\"@id\":\"https:\\\/\\\/interoxi.com\\\/ca\\\/#\\\/schema\\\/logo\\\/image\\\/\",\"url\":\"https:\\\/\\\/interoxi.com\\\/wp-content\\\/uploads\\\/1_INTER-OXI-logo-7.png\",\"contentUrl\":\"https:\\\/\\\/interoxi.com\\\/wp-content\\\/uploads\\\/1_INTER-OXI-logo-7.png\",\"width\":750,\"height\":198,\"caption\":\"Inter Oxi\"},\"image\":{\"@id\":\"https:\\\/\\\/interoxi.com\\\/ca\\\/#\\\/schema\\\/logo\\\/image\\\/\"}}]}<\/script>\n<!-- \/ Yoast SEO plugin. -->","yoast_head_json":{"title":"Pol\u00edtica de cookies - Inter Oxi","description":"A causa de l'entrada en vigor de la modificaci\u00f3 referent de la \u00abLlei de Serveis de la Societat de la Informaci\u00f3\u00bb (LSSICE) establerta pel Reial Decret","robots":{"index":"noindex","follow":"nofollow"},"og_locale":"ca_ES","og_type":"article","og_title":"Pol\u00edtica de cookies - Inter Oxi","og_description":"A causa de l'entrada en vigor de la modificaci\u00f3 referent de la \u00abLlei de Serveis de la Societat de la Informaci\u00f3\u00bb (LSSICE) establerta pel Reial Decret","og_url":"https:\/\/interoxi.com\/ca\/politica-de-cookies\/","og_site_name":"Inter Oxi","article_modified_time":"2023-09-04T13:33:11+00:00","twitter_card":"summary_large_image","twitter_misc":{"Temps estimat de lectura":"7 minuts"},"schema":{"@context":"https:\/\/schema.org","@graph":[{"@type":"WebPage","@id":"https:\/\/interoxi.com\/ca\/politica-de-cookies\/","url":"https:\/\/interoxi.com\/ca\/politica-de-cookies\/","name":"Pol\u00edtica de cookies - Inter Oxi","isPartOf":{"@id":"https:\/\/interoxi.com\/ca\/#website"},"datePublished":"2020-08-20T11:02:38+00:00","dateModified":"2023-09-04T13:33:11+00:00","description":"A causa de l'entrada en vigor de la modificaci\u00f3 referent de la \u00abLlei de Serveis de la Societat de la Informaci\u00f3\u00bb (LSSICE) establerta pel Reial Decret","inLanguage":"ca","potentialAction":[{"@type":"ReadAction","target":["https:\/\/interoxi.com\/ca\/politica-de-cookies\/"]}]},{"@type":"WebSite","@id":"https:\/\/interoxi.com\/ca\/#website","url":"https:\/\/interoxi.com\/ca\/","name":"Inter Oxi","description":"Inter Oxi","publisher":{"@id":"https:\/\/interoxi.com\/ca\/#organization"},"potentialAction":[{"@type":"SearchAction","target":{"@type":"EntryPoint","urlTemplate":"https:\/\/interoxi.com\/ca\/?s={search_term_string}"},"query-input":{"@type":"PropertyValueSpecification","valueRequired":true,"valueName":"search_term_string"}}],"inLanguage":"ca"},{"@type":"Organization","@id":"https:\/\/interoxi.com\/ca\/#organization","name":"Inter Oxi","url":"https:\/\/interoxi.com\/ca\/","logo":{"@type":"ImageObject","inLanguage":"ca","@id":"https:\/\/interoxi.com\/ca\/#\/schema\/logo\/image\/","url":"https:\/\/interoxi.com\/wp-content\/uploads\/1_INTER-OXI-logo-7.png","contentUrl":"https:\/\/interoxi.com\/wp-content\/uploads\/1_INTER-OXI-logo-7.png","width":750,"height":198,"caption":"Inter Oxi"},"image":{"@id":"https:\/\/interoxi.com\/ca\/#\/schema\/logo\/image\/"}}]}},"_links":{"self":[{"href":"https:\/\/interoxi.com\/ca\/wp-json\/wp\/v2\/pages\/877","targetHints":{"allow":["GET"]}}],"collection":[{"href":"https:\/\/interoxi.com\/ca\/wp-json\/wp\/v2\/pages"}],"about":[{"href":"https:\/\/interoxi.com\/ca\/wp-json\/wp\/v2\/types\/page"}],"author":[{"embeddable":true,"href":"https:\/\/interoxi.com\/ca\/wp-json\/wp\/v2\/users\/11"}],"replies":[{"embeddable":true,"href":"https:\/\/interoxi.com\/ca\/wp-json\/wp\/v2\/comments?post=877"}],"version-history":[{"count":23,"href":"https:\/\/interoxi.com\/ca\/wp-json\/wp\/v2\/pages\/877\/revisions"}],"predecessor-version":[{"id":4283,"href":"https:\/\/interoxi.com\/ca\/wp-json\/wp\/v2\/pages\/877\/revisions\/4283"}],"wp:attachment":[{"href":"https:\/\/interoxi.com\/ca\/wp-json\/wp\/v2\/media?parent=877"}],"curies":[{"name":"wp","href":"https:\/\/api.w.org\/{rel}","templated":true}]}}